{"id":26,"date":"2025-08-01T17:21:25","date_gmt":"2025-08-01T17:21:25","guid":{"rendered":"https:\/\/acs-maroc.org\/?page_id=26"},"modified":"2025-08-01T19:11:20","modified_gmt":"2025-08-01T19:11:20","slug":"videos","status":"publish","type":"page","link":"https:\/\/acs-maroc.org\/?page_id=26","title":{"rendered":"Vid\u00e9os"},"content":{"rendered":"<div class=\"automatic-youtube-gallery ayg\">\n        <ayg-theme-classic id=\"ayg-9ef6cd63a2bc4c45be7d9f39288627ab\" class=\"ayg-theme ayg-theme-classic\" data-params=\"{&quot;uid&quot;:&quot;9ef6cd63a2bc4c45be7d9f39288627ab&quot;,&quot;loop&quot;:0,&quot;autoadvance&quot;:1,&quot;player_title&quot;:1,&quot;player_description&quot;:1}\">\n        <div class=\"ayg-player\">\n            <div class=\"ayg-player-container\" style=\"max-width: 100%;\">\n                <ayg-player src=\"https:\/\/www.youtube.com\/embed\/yd9RwqzRkKg?enablejsapi=1&#038;playsinline=1&#038;rel=0&#038;modestbranding=1&#038;iv_load_policy=3\" ratio=\"56.25\" title=\"11\u00e8mes Journ\u00e9es de Cardiologie du SudSUDECHO 2023\" poster=\"https:\/\/i.ytimg.com\/vi\/yd9RwqzRkKg\/maxresdefault.jpg\"><\/ayg-player>           \n            <\/div>\n            <div class=\"ayg-player-caption\">\n                    \n                    <h2 class=\"ayg-player-title\">11\u00e8mes Journ\u00e9es de Cardiologie du SudSUDECHO 2023<\/h2>  \n                                  \n                    <ayg-description class=\"ayg-player-description\">Les 11\u00e8mes Journ\u00e9es de Cardiologie du Sud<br \/>\nSUDECHO 2023<br \/>\n 29 et 30 septembre 2023<br \/>\n H\u00f4tel White Beach Ressort Taghazout \u2013  Agadir<\/ayg-description>\n                            <\/div>\n        <\/div>\n        <div class=\"ayg-videos ayg-gallery ayg-row\">\n                            <div class=\"ayg-video ayg-video-yd9RwqzRkKg ayg-col ayg-col-3 ayg-col-xs-2 ayg-active\">\n                    <div class=\"ayg-thumbnail\" data-id=\"yd9RwqzRkKg\" data-title=\"11\u00e8mes Journ\u00e9es de Cardiologie du SudSUDECHO 2023\" data-url=\"\">\n    <div class=\"ayg-thumbnail-media\" style=\"--ayg-image-ratio: 16 \/ 9\">\n        <img fetchpriority=\"high\" src=\"https:\/\/i.ytimg.com\/vi\/yd9RwqzRkKg\/maxresdefault.jpg\" class=\"ayg-thumbnail-image\" width=\"1280\" height=\"720\" alt=\"11\u00e8mes Journ\u00e9es de Cardiologie du SudSUDECHO 2023\" decoding=\"async\"\/><div class=\"ayg-thumbnail-now-playing\" style=\"display: none;\">Now Playing<\/div><svg xmlns=\"http:\/\/www.w3.org\/2000\/svg\" fill=\"white\" width=\"40\" height=\"40\" viewBox=\"0 0 24 24\" class=\"ayg-icon ayg-thumbnail-icon-play\" title=\"Play\" aria-label=\"Play\"><path fill-rule=\"evenodd\" d=\"M2.25 12c0-5.385 4.365-9.75 9.75-9.75s9.75 4.365 9.75 9.75-4.365 9.75-9.75 9.75S2.25 17.385 2.25 12Zm14.024-.983a1.125 1.125 0 0 1 0 1.966l-5.603 3.113A1.125 1.125 0 0 1 9 15.113V8.887c0-.857.921-1.4 1.671-.983l5.603 3.113Z\" clip-rule=\"evenodd\" \/><\/svg>        \n    <\/div>\n    <div class=\"ayg-thumbnail-caption\">\n         \n            <div class=\"ayg-thumbnail-title\">11\u00e8mes Journ\u00e9es de Cardiologie du SudSUDECHO 2023<\/div>\n         \n                    <div class=\"ayg-thumbnail-excerpt\">Les 11\u00e8mes Journ\u00e9es de Cardiologie du Sud SUDECHO 2023 29 et 30 ...<\/div>\n                  \n            <div class=\"ayg-thumbnail-description\" style=\"display: none;\">Les 11\u00e8mes Journ\u00e9es de Cardiologie du Sud<br \/>\nSUDECHO 2023<br \/>\n 29 et 30 septembre 2023<br \/>\n H\u00f4tel White Beach Ressort Taghazout \u2013  Agadir<\/div>\n            <\/div>           \n<\/div>                <\/div>\n                            <div class=\"ayg-video ayg-video-kt6CxaypJYY ayg-col ayg-col-3 ayg-col-xs-2\">\n                    <div class=\"ayg-thumbnail\" data-id=\"kt6CxaypJYY\" data-title=\"9\u00e8mes Journ\u00e9es de Cardiologie du Sud \u2013 SUDECHO 2021\" data-url=\"\">\n    <div class=\"ayg-thumbnail-media\" style=\"--ayg-image-ratio: 16 \/ 9\">\n        <img src=\"https:\/\/i.ytimg.com\/vi\/kt6CxaypJYY\/mqdefault.jpg\" class=\"ayg-thumbnail-image\" width=\"320\" height=\"180\" alt=\"9\u00e8mes Journ\u00e9es de Cardiologie du Sud \u2013 SUDECHO 2021\" decoding=\"async\"\/><div class=\"ayg-thumbnail-now-playing\" style=\"display: none;\">Now Playing<\/div><svg xmlns=\"http:\/\/www.w3.org\/2000\/svg\" fill=\"white\" width=\"40\" height=\"40\" viewBox=\"0 0 24 24\" class=\"ayg-icon ayg-thumbnail-icon-play\" title=\"Play\" aria-label=\"Play\"><path fill-rule=\"evenodd\" d=\"M2.25 12c0-5.385 4.365-9.75 9.75-9.75s9.75 4.365 9.75 9.75-4.365 9.75-9.75 9.75S2.25 17.385 2.25 12Zm14.024-.983a1.125 1.125 0 0 1 0 1.966l-5.603 3.113A1.125 1.125 0 0 1 9 15.113V8.887c0-.857.921-1.4 1.671-.983l5.603 3.113Z\" clip-rule=\"evenodd\" \/><\/svg>        \n    <\/div>\n    <div class=\"ayg-thumbnail-caption\">\n         \n            <div class=\"ayg-thumbnail-title\">9\u00e8mes Journ\u00e9es de Cardiologie du Sud \u2013 SUDECHO 2021<\/div>\n         \n                    <div class=\"ayg-thumbnail-excerpt\">L\u2019Association des Cardiologues du Sud organise Les 9\u00e8mes Journ\u00e9es de ...<\/div>\n                  \n            <div class=\"ayg-thumbnail-description\" style=\"display: none;\">L\u2019Association des Cardiologues du Sud<br \/>\norganise<br \/>\n<br \/>\nLes 9\u00e8mes Journ\u00e9es de Cardiologie du Sud<br \/>\nSUDECHO 2021<br \/>\n 19 et 20 novembre 2021<br \/>\n H\u00f4tel White Beach Ressort Taghazout \u2013  Agadir<br \/>\n<br \/>\n<br \/>\n<a href=\"http:\/\/www.acs-maroc.org\" rel=\"nofollow\">http:\/\/www.acs-maroc.org<\/a><\/div>\n            <\/div>           \n<\/div>                <\/div>\n                            <div class=\"ayg-video ayg-video-Ok5ROXZJQis ayg-col ayg-col-3 ayg-col-xs-2\">\n                    <div class=\"ayg-thumbnail\" data-id=\"Ok5ROXZJQis\" data-title=\"Traitement \u00e9lectrique de l\u2019insuffisance cardiaque Dr  ECHAHIDI\" data-url=\"\">\n    <div class=\"ayg-thumbnail-media\" style=\"--ayg-image-ratio: 16 \/ 9\">\n        <img src=\"https:\/\/i.ytimg.com\/vi\/Ok5ROXZJQis\/maxresdefault.jpg\" class=\"ayg-thumbnail-image\" width=\"1280\" height=\"720\" alt=\"Traitement \u00e9lectrique de l\u2019insuffisance cardiaque Dr  ECHAHIDI\" decoding=\"async\"\/><div class=\"ayg-thumbnail-now-playing\" style=\"display: none;\">Now Playing<\/div><svg xmlns=\"http:\/\/www.w3.org\/2000\/svg\" fill=\"white\" width=\"40\" height=\"40\" viewBox=\"0 0 24 24\" class=\"ayg-icon ayg-thumbnail-icon-play\" title=\"Play\" aria-label=\"Play\"><path fill-rule=\"evenodd\" d=\"M2.25 12c0-5.385 4.365-9.75 9.75-9.75s9.75 4.365 9.75 9.75-4.365 9.75-9.75 9.75S2.25 17.385 2.25 12Zm14.024-.983a1.125 1.125 0 0 1 0 1.966l-5.603 3.113A1.125 1.125 0 0 1 9 15.113V8.887c0-.857.921-1.4 1.671-.983l5.603 3.113Z\" clip-rule=\"evenodd\" \/><\/svg>        \n    <\/div>\n    <div class=\"ayg-thumbnail-caption\">\n         \n            <div class=\"ayg-thumbnail-title\">Traitement \u00e9lectrique de l\u2019insuffisance cardiaque Dr  ECHAHIDI<\/div>\n         \n                    <div class=\"ayg-thumbnail-excerpt\">Association des Cardiologues du Sud 4\u00e8mes Journ\u00e9es Cardiologiques ...<\/div>\n                  \n            <div class=\"ayg-thumbnail-description\" style=\"display: none;\">Association des Cardiologues du Sud <br \/>\n4\u00e8mes Journ\u00e9es Cardiologiques d\u2019Agadir <br \/>\n<br \/>\n  <a href=\"http:\/\/www.acs-maroc.org\" rel=\"nofollow\">http:\/\/www.acs-maroc.org<\/a><\/div>\n            <\/div>           \n<\/div>                <\/div>\n                            <div class=\"ayg-video ayg-video-i5Mi9yB6yUQ ayg-col ayg-col-3 ayg-col-xs-2\">\n                    <div class=\"ayg-thumbnail\" data-id=\"i5Mi9yB6yUQ\" data-title=\"CMH diagnostic et prise en charge  Dr BENYASS\" data-url=\"\">\n    <div class=\"ayg-thumbnail-media\" style=\"--ayg-image-ratio: 16 \/ 9\">\n        <img loading=\"lazy\" src=\"https:\/\/i.ytimg.com\/vi\/i5Mi9yB6yUQ\/maxresdefault.jpg\" class=\"ayg-thumbnail-image\" width=\"1280\" height=\"720\" alt=\"CMH diagnostic et prise en charge  Dr BENYASS\" decoding=\"async\"\/><div class=\"ayg-thumbnail-now-playing\" style=\"display: none;\">Now Playing<\/div><svg xmlns=\"http:\/\/www.w3.org\/2000\/svg\" fill=\"white\" width=\"40\" height=\"40\" viewBox=\"0 0 24 24\" class=\"ayg-icon ayg-thumbnail-icon-play\" title=\"Play\" aria-label=\"Play\"><path fill-rule=\"evenodd\" d=\"M2.25 12c0-5.385 4.365-9.75 9.75-9.75s9.75 4.365 9.75 9.75-4.365 9.75-9.75 9.75S2.25 17.385 2.25 12Zm14.024-.983a1.125 1.125 0 0 1 0 1.966l-5.603 3.113A1.125 1.125 0 0 1 9 15.113V8.887c0-.857.921-1.4 1.671-.983l5.603 3.113Z\" clip-rule=\"evenodd\" \/><\/svg>        \n    <\/div>\n    <div class=\"ayg-thumbnail-caption\">\n         \n            <div class=\"ayg-thumbnail-title\">CMH diagnostic et prise en charge  Dr BENYASS<\/div>\n         \n                    <div class=\"ayg-thumbnail-excerpt\">Association des Cardiologues du Sud 4\u00e8mes Journ\u00e9es Cardiologiques ...<\/div>\n                  \n            <div class=\"ayg-thumbnail-description\" style=\"display: none;\">Association des Cardiologues du Sud <br \/>\n4\u00e8mes Journ\u00e9es Cardiologiques d\u2019Agadir <br \/>\n<br \/>\n  <a href=\"http:\/\/www.acs-maroc.org\" rel=\"nofollow\">http:\/\/www.acs-maroc.org<\/a><\/div>\n            <\/div>           \n<\/div>                <\/div>\n                            <div class=\"ayg-video ayg-video-NlDLOAUn7e0 ayg-col ayg-col-3 ayg-col-xs-2\">\n                    <div class=\"ayg-thumbnail\" data-id=\"NlDLOAUn7e0\" data-title=\"Valve mitrale   Dr H Mahjoub   Tunis\" data-url=\"\">\n    <div class=\"ayg-thumbnail-media\" style=\"--ayg-image-ratio: 16 \/ 9\">\n        <img loading=\"lazy\" src=\"https:\/\/i.ytimg.com\/vi\/NlDLOAUn7e0\/maxresdefault.jpg\" class=\"ayg-thumbnail-image\" width=\"1280\" height=\"720\" alt=\"Valve mitrale   Dr H Mahjoub   Tunis\" decoding=\"async\"\/><div class=\"ayg-thumbnail-now-playing\" style=\"display: none;\">Now Playing<\/div><svg xmlns=\"http:\/\/www.w3.org\/2000\/svg\" fill=\"white\" width=\"40\" height=\"40\" viewBox=\"0 0 24 24\" class=\"ayg-icon ayg-thumbnail-icon-play\" title=\"Play\" aria-label=\"Play\"><path fill-rule=\"evenodd\" d=\"M2.25 12c0-5.385 4.365-9.75 9.75-9.75s9.75 4.365 9.75 9.75-4.365 9.75-9.75 9.75S2.25 17.385 2.25 12Zm14.024-.983a1.125 1.125 0 0 1 0 1.966l-5.603 3.113A1.125 1.125 0 0 1 9 15.113V8.887c0-.857.921-1.4 1.671-.983l5.603 3.113Z\" clip-rule=\"evenodd\" \/><\/svg>        \n    <\/div>\n    <div class=\"ayg-thumbnail-caption\">\n         \n            <div class=\"ayg-thumbnail-title\">Valve mitrale   Dr H Mahjoub   Tunis<\/div>\n         \n                    <div class=\"ayg-thumbnail-excerpt\">Association des Cardiologues du Sud 4\u00e8mes Journ\u00e9es Cardiologiques ...<\/div>\n                  \n            <div class=\"ayg-thumbnail-description\" style=\"display: none;\">Association des Cardiologues du Sud<br \/>\n4\u00e8mes Journ\u00e9es Cardiologiques d\u2019Agadir<br \/>\n<br \/>\n<a href=\"http:\/\/www.acs-maroc.org\" rel=\"nofollow\">http:\/\/www.acs-maroc.org<\/a><\/div>\n            <\/div>           \n<\/div>                <\/div>\n                            <div class=\"ayg-video ayg-video-6dYc-CVjiJE ayg-col ayg-col-3 ayg-col-xs-2\">\n                    <div class=\"ayg-thumbnail\" data-id=\"6dYc-CVjiJE\" data-title=\"Insuffisance aortique   PR AOUAD - Rabat\" data-url=\"\">\n    <div class=\"ayg-thumbnail-media\" style=\"--ayg-image-ratio: 16 \/ 9\">\n        <img loading=\"lazy\" src=\"https:\/\/i.ytimg.com\/vi\/6dYc-CVjiJE\/maxresdefault.jpg\" class=\"ayg-thumbnail-image\" width=\"1280\" height=\"720\" alt=\"Insuffisance aortique   PR AOUAD - Rabat\" decoding=\"async\"\/><div class=\"ayg-thumbnail-now-playing\" style=\"display: none;\">Now Playing<\/div><svg xmlns=\"http:\/\/www.w3.org\/2000\/svg\" fill=\"white\" width=\"40\" height=\"40\" viewBox=\"0 0 24 24\" class=\"ayg-icon ayg-thumbnail-icon-play\" title=\"Play\" aria-label=\"Play\"><path fill-rule=\"evenodd\" d=\"M2.25 12c0-5.385 4.365-9.75 9.75-9.75s9.75 4.365 9.75 9.75-4.365 9.75-9.75 9.75S2.25 17.385 2.25 12Zm14.024-.983a1.125 1.125 0 0 1 0 1.966l-5.603 3.113A1.125 1.125 0 0 1 9 15.113V8.887c0-.857.921-1.4 1.671-.983l5.603 3.113Z\" clip-rule=\"evenodd\" \/><\/svg>        \n    <\/div>\n    <div class=\"ayg-thumbnail-caption\">\n         \n            <div class=\"ayg-thumbnail-title\">Insuffisance aortique   PR AOUAD - Rabat<\/div>\n         \n                    <div class=\"ayg-thumbnail-excerpt\">Association des Cardiologues du Sud 4\u00e8mes Journ\u00e9es Cardiologiques ...<\/div>\n                  \n            <div class=\"ayg-thumbnail-description\" style=\"display: none;\">Association des Cardiologues du Sud<br \/>\n4\u00e8mes Journ\u00e9es Cardiologiques d\u2019Agadir<br \/>\n<br \/>\n<a href=\"http:\/\/www.acs-maroc.org\" rel=\"nofollow\">http:\/\/www.acs-maroc.org<\/a><\/div>\n            <\/div>           \n<\/div>                <\/div>\n                            <div class=\"ayg-video ayg-video-jxtHi09HJ80 ayg-col ayg-col-3 ayg-col-xs-2\">\n                    <div class=\"ayg-thumbnail\" data-id=\"jxtHi09HJ80\" data-title=\"SYMPOSIUM PHILIPS 2D strain   Dr MOHTY\" data-url=\"\">\n    <div class=\"ayg-thumbnail-media\" style=\"--ayg-image-ratio: 16 \/ 9\">\n        <img loading=\"lazy\" src=\"https:\/\/i.ytimg.com\/vi\/jxtHi09HJ80\/maxresdefault.jpg\" class=\"ayg-thumbnail-image\" width=\"1280\" height=\"720\" alt=\"SYMPOSIUM PHILIPS 2D strain   Dr MOHTY\" decoding=\"async\"\/><div class=\"ayg-thumbnail-now-playing\" style=\"display: none;\">Now Playing<\/div><svg xmlns=\"http:\/\/www.w3.org\/2000\/svg\" fill=\"white\" width=\"40\" height=\"40\" viewBox=\"0 0 24 24\" class=\"ayg-icon ayg-thumbnail-icon-play\" title=\"Play\" aria-label=\"Play\"><path fill-rule=\"evenodd\" d=\"M2.25 12c0-5.385 4.365-9.75 9.75-9.75s9.75 4.365 9.75 9.75-4.365 9.75-9.75 9.75S2.25 17.385 2.25 12Zm14.024-.983a1.125 1.125 0 0 1 0 1.966l-5.603 3.113A1.125 1.125 0 0 1 9 15.113V8.887c0-.857.921-1.4 1.671-.983l5.603 3.113Z\" clip-rule=\"evenodd\" \/><\/svg>        \n    <\/div>\n    <div class=\"ayg-thumbnail-caption\">\n         \n            <div class=\"ayg-thumbnail-title\">SYMPOSIUM PHILIPS 2D strain   Dr MOHTY<\/div>\n         \n                    <div class=\"ayg-thumbnail-excerpt\">SYMPOSIUM PHILIPS 2D strain Dr MOHTY Association des Cardiologues du ...<\/div>\n                  \n            <div class=\"ayg-thumbnail-description\" style=\"display: none;\">SYMPOSIUM PHILIPS 2D strain   Dr MOHTY<br \/>\n<br \/>\nAssociation des Cardiologues du Sud<br \/>\n4\u00e8mes Journ\u00e9es Cardiologiques d\u2019Agadir<br \/>\n<br \/>\n<a href=\"http:\/\/www.acs-maroc.org\" rel=\"nofollow\">http:\/\/www.acs-maroc.org<\/a><\/div>\n            <\/div>           \n<\/div>                <\/div>\n                            <div class=\"ayg-video ayg-video-dveN8Y7p7Cg ayg-col ayg-col-3 ayg-col-xs-2\">\n                    <div class=\"ayg-thumbnail\" data-id=\"dveN8Y7p7Cg\" data-title=\"Insuffisance cardiaque: quoi de neuf? - Dr Zbitou\" data-url=\"\">\n    <div class=\"ayg-thumbnail-media\" style=\"--ayg-image-ratio: 16 \/ 9\">\n        <img loading=\"lazy\" src=\"https:\/\/i.ytimg.com\/vi\/dveN8Y7p7Cg\/maxresdefault.jpg\" class=\"ayg-thumbnail-image\" width=\"1280\" height=\"720\" alt=\"Insuffisance cardiaque: quoi de neuf? - Dr Zbitou\" decoding=\"async\"\/><div class=\"ayg-thumbnail-now-playing\" style=\"display: none;\">Now Playing<\/div><svg xmlns=\"http:\/\/www.w3.org\/2000\/svg\" fill=\"white\" width=\"40\" height=\"40\" viewBox=\"0 0 24 24\" class=\"ayg-icon ayg-thumbnail-icon-play\" title=\"Play\" aria-label=\"Play\"><path fill-rule=\"evenodd\" d=\"M2.25 12c0-5.385 4.365-9.75 9.75-9.75s9.75 4.365 9.75 9.75-4.365 9.75-9.75 9.75S2.25 17.385 2.25 12Zm14.024-.983a1.125 1.125 0 0 1 0 1.966l-5.603 3.113A1.125 1.125 0 0 1 9 15.113V8.887c0-.857.921-1.4 1.671-.983l5.603 3.113Z\" clip-rule=\"evenodd\" \/><\/svg>        \n    <\/div>\n    <div class=\"ayg-thumbnail-caption\">\n         \n            <div class=\"ayg-thumbnail-title\">Insuffisance cardiaque: quoi de neuf? - Dr Zbitou<\/div>\n         \n                    <div class=\"ayg-thumbnail-excerpt\">Association des Cardiologues du Sud 4\u00e8mes Journ\u00e9es Cardiologiques ...<\/div>\n                  \n            <div class=\"ayg-thumbnail-description\" style=\"display: none;\">Association des Cardiologues du Sud<br \/>\n4\u00e8mes Journ\u00e9es Cardiologiques d\u2019Agadir<br \/>\n<br \/>\n<a href=\"http:\/\/www.acs-maroc.org\" rel=\"nofollow\">http:\/\/www.acs-maroc.org<\/a><\/div>\n            <\/div>           \n<\/div>                <\/div>\n                            <div class=\"ayg-video ayg-video-GhXNsd4I2ZE ayg-col ayg-col-3 ayg-col-xs-2\">\n                    <div class=\"ayg-thumbnail\" data-id=\"GhXNsd4I2ZE\" data-title=\"Echo cardiographie dans l\u2019insuffisance cardiaque \u00e0 FE  pr\u00e9serv\u00e9e\" data-url=\"\">\n    <div class=\"ayg-thumbnail-media\" style=\"--ayg-image-ratio: 16 \/ 9\">\n        <img loading=\"lazy\" src=\"https:\/\/i.ytimg.com\/vi\/GhXNsd4I2ZE\/maxresdefault.jpg\" class=\"ayg-thumbnail-image\" width=\"1280\" height=\"720\" alt=\"Echo cardiographie dans l\u2019insuffisance cardiaque \u00e0 FE  pr\u00e9serv\u00e9e\" decoding=\"async\"\/><div class=\"ayg-thumbnail-now-playing\" style=\"display: none;\">Now Playing<\/div><svg xmlns=\"http:\/\/www.w3.org\/2000\/svg\" fill=\"white\" width=\"40\" height=\"40\" viewBox=\"0 0 24 24\" class=\"ayg-icon ayg-thumbnail-icon-play\" title=\"Play\" aria-label=\"Play\"><path fill-rule=\"evenodd\" d=\"M2.25 12c0-5.385 4.365-9.75 9.75-9.75s9.75 4.365 9.75 9.75-4.365 9.75-9.75 9.75S2.25 17.385 2.25 12Zm14.024-.983a1.125 1.125 0 0 1 0 1.966l-5.603 3.113A1.125 1.125 0 0 1 9 15.113V8.887c0-.857.921-1.4 1.671-.983l5.603 3.113Z\" clip-rule=\"evenodd\" \/><\/svg>        \n    <\/div>\n    <div class=\"ayg-thumbnail-caption\">\n         \n            <div class=\"ayg-thumbnail-title\">Echo cardiographie dans l\u2019insuffisance cardiaque \u00e0 FE  pr\u00e9serv\u00e9e<\/div>\n         \n                    <div class=\"ayg-thumbnail-excerpt\">Association des Cardiologues du Sud 4\u00e8mes Journ\u00e9es Cardiologiques ...<\/div>\n                  \n            <div class=\"ayg-thumbnail-description\" style=\"display: none;\">Association des Cardiologues du Sud<br \/>\n4\u00e8mes Journ\u00e9es Cardiologiques d\u2019Agadir<br \/>\n<br \/>\n<a href=\"http:\/\/www.acs-maroc.org\" rel=\"nofollow\">http:\/\/www.acs-maroc.org<\/a><\/div>\n            <\/div>           \n<\/div>                <\/div>\n                            <div class=\"ayg-video ayg-video-Ff2KmLJI7KI ayg-col ayg-col-3 ayg-col-xs-2\">\n                    <div class=\"ayg-thumbnail\" data-id=\"Ff2KmLJI7KI\" data-title=\"Cardiomyopathies rythmiques  Dr N ECHAHIDI   LIMOGES\" data-url=\"\">\n    <div class=\"ayg-thumbnail-media\" style=\"--ayg-image-ratio: 16 \/ 9\">\n        <img loading=\"lazy\" src=\"https:\/\/i.ytimg.com\/vi\/Ff2KmLJI7KI\/maxresdefault.jpg\" class=\"ayg-thumbnail-image\" width=\"1280\" height=\"720\" alt=\"Cardiomyopathies rythmiques  Dr N ECHAHIDI   LIMOGES\" decoding=\"async\"\/><div class=\"ayg-thumbnail-now-playing\" style=\"display: none;\">Now Playing<\/div><svg xmlns=\"http:\/\/www.w3.org\/2000\/svg\" fill=\"white\" width=\"40\" height=\"40\" viewBox=\"0 0 24 24\" class=\"ayg-icon ayg-thumbnail-icon-play\" title=\"Play\" aria-label=\"Play\"><path fill-rule=\"evenodd\" d=\"M2.25 12c0-5.385 4.365-9.75 9.75-9.75s9.75 4.365 9.75 9.75-4.365 9.75-9.75 9.75S2.25 17.385 2.25 12Zm14.024-.983a1.125 1.125 0 0 1 0 1.966l-5.603 3.113A1.125 1.125 0 0 1 9 15.113V8.887c0-.857.921-1.4 1.671-.983l5.603 3.113Z\" clip-rule=\"evenodd\" \/><\/svg>        \n    <\/div>\n    <div class=\"ayg-thumbnail-caption\">\n         \n            <div class=\"ayg-thumbnail-title\">Cardiomyopathies rythmiques  Dr N ECHAHIDI   LIMOGES<\/div>\n         \n                    <div class=\"ayg-thumbnail-excerpt\">Cardiomyopathies rythmiques Dr N ECHAHIDI LIMOGES Association des ...<\/div>\n                  \n            <div class=\"ayg-thumbnail-description\" style=\"display: none;\">Cardiomyopathies rythmiques  Dr N ECHAHIDI   LIMOGES<br \/>\n<br \/>\nAssociation des Cardiologues du Sud<br \/>\n4\u00e8mes Journ\u00e9es Cardiologiques d\u2019Agadir<br \/>\n<br \/>\n<a href=\"http:\/\/www.acs-maroc.org\" rel=\"nofollow\">http:\/\/www.acs-maroc.org<\/a><\/div>\n            <\/div>           \n<\/div>                <\/div>\n                    <\/div>\n            <\/ayg-theme-classic>\n<\/div>\n\n","protected":false},"excerpt":{"rendered":"","protected":false},"author":1,"featured_media":0,"parent":0,"menu_order":0,"comment_status":"closed","ping_status":"closed","template":"","meta":{"ngg_post_thumbnail":0,"footnotes":""},"class_list":["post-26","page","type-page","status-publish","hentry","entry"],"_links":{"self":[{"href":"https:\/\/acs-maroc.org\/index.php?rest_route=\/wp\/v2\/pages\/26","targetHints":{"allow":["GET"]}}],"collection":[{"href":"https:\/\/acs-maroc.org\/index.php?rest_route=\/wp\/v2\/pages"}],"about":[{"href":"https:\/\/acs-maroc.org\/index.php?rest_route=\/wp\/v2\/types\/page"}],"author":[{"embeddable":true,"href":"https:\/\/acs-maroc.org\/index.php?rest_route=\/wp\/v2\/users\/1"}],"replies":[{"embeddable":true,"href":"https:\/\/acs-maroc.org\/index.php?rest_route=%2Fwp%2Fv2%2Fcomments&post=26"}],"version-history":[{"count":0,"href":"https:\/\/acs-maroc.org\/index.php?rest_route=\/wp\/v2\/pages\/26\/revisions"}],"wp:attachment":[{"href":"https:\/\/acs-maroc.org\/index.php?rest_route=%2Fwp%2Fv2%2Fmedia&parent=26"}],"curies":[{"name":"wp","href":"https:\/\/api.w.org\/{rel}","templated":true}]}}